{"id":1976,"date":"2013-09-21T16:31:23","date_gmt":"2013-09-21T14:31:23","guid":{"rendered":"http:\/\/www.gemeinschaftspraxis-ardeystrasse.de\/wordpress\/?page_id=1976"},"modified":"2020-11-20T13:04:05","modified_gmt":"2020-11-20T12:04:05","slug":"h-e-l-p","status":"publish","type":"page","link":"https:\/\/www.gim-witten.de\/wordpress\/dialyse\/h-e-l-p\/","title":{"rendered":"Apherese"},"content":{"rendered":"<p>Durch eine besondere \u201eBlutw\u00e4sche\u201c, der sogenannten Apherese-Behandlung, werden gezielt krankheitserzeugende Bestandteile aus dem Blut gefiltert.<br \/>\nIn unserem Dialysezentrum wenden wir die Apherese nach dem H.E.L.P.-Verfahren an.<\/p>\n<p>Die Apherese findet Anwendung<\/p>\n<ul>\n<li>bei schweren medikament\u00f6s nicht ausreichend behandelbaren Fettstoffwechselst\u00f6rungen<\/li>\n<li>beim H\u00f6rsturz<\/li>\n<li>beim Verschluss der Zentralarterie im Auge<\/li>\n<li>beim diabetischen Fu\u00dfsyndrom<\/li>\n<li>bei bestimmten neurologischen und rheumatologischen Erkrankungen<\/li>\n<\/ul>\n<p>&nbsp;<\/p>\n","protected":false},"excerpt":{"rendered":"<p>Durch eine besondere \u201eBlutw\u00e4sche\u201c, der sogenannten Apherese-Behandlung, werden gezielt krankheitserzeugende Bestandteile aus dem Blut gefiltert. In unserem Dialysezentrum wenden wir die Apherese nach dem H.E.L.P.-Verfahren an. Die Apherese findet Anwendung bei schweren medikament\u00f6s nicht ausreichend behandelbaren Fettstoffwechselst\u00f6rungen beim H\u00f6rsturz beim&hellip; <\/p>\n","protected":false},"author":1,"featured_media":2365,"parent":286,"menu_order":9,"comment_status":"closed","ping_status":"closed","template":"","meta":{"footnotes":""},"class_list":["post-1976","page","type-page","status-publish","has-post-thumbnail","hentry"],"_links":{"self":[{"href":"https:\/\/www.gim-witten.de\/wordpress\/wp-json\/wp\/v2\/pages\/1976","targetHints":{"allow":["GET"]}}],"collection":[{"href":"https:\/\/www.gim-witten.de\/wordpress\/wp-json\/wp\/v2\/pages"}],"about":[{"href":"https:\/\/www.gim-witten.de\/wordpress\/wp-json\/wp\/v2\/types\/page"}],"author":[{"embeddable":true,"href":"https:\/\/www.gim-witten.de\/wordpress\/wp-json\/wp\/v2\/users\/1"}],"replies":[{"embeddable":true,"href":"https:\/\/www.gim-witten.de\/wordpress\/wp-json\/wp\/v2\/comments?post=1976"}],"version-history":[{"count":17,"href":"https:\/\/www.gim-witten.de\/wordpress\/wp-json\/wp\/v2\/pages\/1976\/revisions"}],"predecessor-version":[{"id":3917,"href":"https:\/\/www.gim-witten.de\/wordpress\/wp-json\/wp\/v2\/pages\/1976\/revisions\/3917"}],"up":[{"embeddable":true,"href":"https:\/\/www.gim-witten.de\/wordpress\/wp-json\/wp\/v2\/pages\/286"}],"wp:featuredmedia":[{"embeddable":true,"href":"https:\/\/www.gim-witten.de\/wordpress\/wp-json\/wp\/v2\/media\/2365"}],"wp:attachment":[{"href":"https:\/\/www.gim-witten.de\/wordpress\/wp-json\/wp\/v2\/media?parent=1976"}],"curies":[{"name":"wp","href":"https:\/\/api.w.org\/{rel}","templated":true}]}}