{"id":1984,"date":"2013-09-21T16:37:42","date_gmt":"2013-09-21T14:37:42","guid":{"rendered":"http:\/\/www.gemeinschaftspraxis-ardeystrasse.de\/wordpress\/?page_id=1984"},"modified":"2020-11-20T13:01:29","modified_gmt":"2020-11-20T12:01:29","slug":"hoersturz","status":"publish","type":"page","link":"https:\/\/www.gim-witten.de\/wordpress\/dialyse\/h-e-l-p\/help\/hoersturz\/","title":{"rendered":"H\u00f6rsturz"},"content":{"rendered":"<p>Die LDL-Apherese ist ebenfalls ein Therapieverfahren beim H\u00f6rsturz, der durch akute Durchblutungsst\u00f6rungen des Innenohres, sozusagen durch einen Infarkt im Ohr, verursacht ist.<br \/>\nIm Rahmen einer Multizenter-Studie, an der auch das Dialysezentrum teilnahm, konnte gezeigt werden, dass bei einem fr\u00fchzeitigen Einsatz der LDL-Apherese der H\u00f6rsturz komplett r\u00fcckg\u00e4ngig ist.<\/p>\n<p>Hierbei ist nur eine dreist\u00fcndige Behandlungen im Vergleich zu den zehnt\u00e4gigen Infusionstherapien erforderlich. Die Betroffenen sind bereits am n\u00e4chsten Tag wieder voll arbeitsf\u00e4hig.<\/p>\n<h6>Patientenhinweis<\/h6>\n<p>Im Falle eines akuten H\u00f6rsturzes bessert rasches Handeln die Aussicht auf Heilung. Melden Sie sich bitte bei uns, sobald die Diagnose &#8222;H\u00f6rsturz&#8220; durch einen H\u00f6rtest gesichert wurde.<br \/>\nNeben den Sprechstundenzeiten erreichen Sie uns auch \u00fcber den diensthabenden Arzt, Mobilfunk (01 72) 2 80 77 72 .<\/p>\n","protected":false},"excerpt":{"rendered":"<p>Die LDL-Apherese ist ebenfalls ein Therapieverfahren beim H\u00f6rsturz, der durch akute Durchblutungsst\u00f6rungen des Innenohres, sozusagen durch einen Infarkt im Ohr, verursacht ist. Im Rahmen einer Multizenter-Studie, an der auch das Dialysezentrum teilnahm, konnte gezeigt werden, dass bei einem fr\u00fchzeitigen Einsatz&hellip; <\/p>\n","protected":false},"author":1,"featured_media":2311,"parent":322,"menu_order":1,"comment_status":"closed","ping_status":"closed","template":"","meta":{"footnotes":""},"class_list":["post-1984","page","type-page","status-publish","has-post-thumbnail","hentry"],"_links":{"self":[{"href":"https:\/\/www.gim-witten.de\/wordpress\/wp-json\/wp\/v2\/pages\/1984","targetHints":{"allow":["GET"]}}],"collection":[{"href":"https:\/\/www.gim-witten.de\/wordpress\/wp-json\/wp\/v2\/pages"}],"about":[{"href":"https:\/\/www.gim-witten.de\/wordpress\/wp-json\/wp\/v2\/types\/page"}],"author":[{"embeddable":true,"href":"https:\/\/www.gim-witten.de\/wordpress\/wp-json\/wp\/v2\/users\/1"}],"replies":[{"embeddable":true,"href":"https:\/\/www.gim-witten.de\/wordpress\/wp-json\/wp\/v2\/comments?post=1984"}],"version-history":[{"count":10,"href":"https:\/\/www.gim-witten.de\/wordpress\/wp-json\/wp\/v2\/pages\/1984\/revisions"}],"predecessor-version":[{"id":3913,"href":"https:\/\/www.gim-witten.de\/wordpress\/wp-json\/wp\/v2\/pages\/1984\/revisions\/3913"}],"up":[{"embeddable":true,"href":"https:\/\/www.gim-witten.de\/wordpress\/wp-json\/wp\/v2\/pages\/322"}],"wp:featuredmedia":[{"embeddable":true,"href":"https:\/\/www.gim-witten.de\/wordpress\/wp-json\/wp\/v2\/media\/2311"}],"wp:attachment":[{"href":"https:\/\/www.gim-witten.de\/wordpress\/wp-json\/wp\/v2\/media?parent=1984"}],"curies":[{"name":"wp","href":"https:\/\/api.w.org\/{rel}","templated":true}]}}