{"id":250,"date":"2011-01-09T16:37:37","date_gmt":"2011-01-09T15:37:37","guid":{"rendered":"http:\/\/localhost\/wordpress\/?page_id=250"},"modified":"2026-03-03T21:23:10","modified_gmt":"2026-03-03T20:23:10","slug":"impressum","status":"publish","type":"page","link":"https:\/\/www.gim-witten.de\/wordpress\/kontakt\/impressum\/","title":{"rendered":"Impressum"},"content":{"rendered":"<div id=\"linkeunterueberschrift\">\n<p>Informationen gem\u00e4\u00df \u00a7 5 Teledienstgesetz<br \/>\nName der Praxis:<\/p>\n<div id=\"linkespalte\">\n<p>Gesundheitszentrum Innere Medizin<br \/>\nMarkus Knittel<\/p>\n<p>Angestellte \u00c4rztinnen:<br \/>\nPD Dr. med. Carolin Manthey<br \/>\nDr. med. Julia Zwiehoff<br \/>\nDr. med. Alexander Ivchenko<br \/>\nProf Dr. med. Dr. hc. Thomas Philipp<br \/>\nDr. med. Manfred Claus<\/p>\n<p>Pferdebachstr. 29, 58455 Witten<br \/>\nTel.: (0049 0 23 02) 9 14 18 0<\/p>\n<p>Alle \u00c4rzte sind durch Zulassungsbeschluss der<br \/>\nKassen\u00e4rztlichen Vereinigung Westfalen-Lippe niedergelassen.<br \/>\nAlle \u00c4rzte sind Mitglieder der \u00c4rztekammer Westfalen-Lippe.<\/p>\n<p>Frau PD Dr. med. Carolin Manthey \u00fcbt ihren Beruf als Fach\u00e4rztin f\u00fcr Innere Medizin aus (erworben in Deutschland).<br \/>\nHerr Markus Knittel \u00fcben ihren Beruf als Fach\u00e4rzte f\u00fcr Innere Medizin und als Fach\u00e4rzte f\u00fcr Nephrologie aus (erworben in Deutschland).<br \/>\nHerr Markus Knittel hat die Zusatzbezeichnung Lipidologe DGFF (erworben in Deutschland).<br \/>\nFrau Dr. med. Julia Zwiehoff \u00fcbt ihren Beruf als Fach\u00e4rztin f\u00fcr Innere Medizin und Kardiologie aus (erworben in Deutschland).<br \/>\nHerr Dr. med. Alexander Ivchenko Facharzt f\u00fcr Innere Medizin und Kardiologie<br \/>\nHerr Prof Dr. med. Dr. hc. Thomas Philipp Facharzt f\u00fcr Innere Medizin, Universit\u00e4tsprofessor f\u00fcr Nieren- und Hochdruckkrankheiten, Klinische Immunologie und Infektiologie<br \/>\nHerr Dr. med. Manfred Claus Facharzt f\u00fcr Innere Medizin und Nephrologie<\/p>\n<p>Alle \u00c4rzte \u00fcben ihren Beruf nach der geltenden<br \/>\n<a href=\"http:\/\/www.aekwl.de\/public\/recht\/doc04_1.htm\" target=\"_blank\" rel=\"noopener noreferrer\"><strong>Berufsordnung der \u00c4rztekammer Westfalen-Lippe<\/strong> <\/a>aus.<\/p>\n<p>Aufsichtsbeh\u00f6rde ist die <a href=\"http:\/\/www.kvwl.de\" target=\"_blank\" rel=\"noopener noreferrer\"><strong>Kassen\u00e4rztliche Vereinigung Westfalen-Lippe (KVWL)<\/strong><\/a> in Dortmund.<\/p>\n<hr \/>\n<p>Unsere E-Mail-Adresse lautet:<br \/>\n<a href=\"mailto:info@gim-witten.de\"><strong>info@gim-witten.de<\/strong><\/a><\/p>\n<\/div>\n<\/div>\n<div id=\"rechteunterueberschrift\">\n<hr \/>\n<p><strong>Datenschutzbeauftragte<\/strong>:<\/p>\n<p>Joachim Strelecki &amp; Anke Sonnemann<br \/>\n<strong>Sonnemann \/ Strelecki GbR<br \/>\n<\/strong>Kronenstr. 77<br \/>\nD &#8211; 44139 Dortmund<\/p>\n<p>Fon +49 (0) 231 97\u00a086 9\u00a0&#8211;\u00a051 \/ 52<br \/>\nFax +49 (0) 231 97\u00a086 9\u00a0&#8211; 53<br \/>\nMail <a href=\"mailto:info@qudamed.de\">info@qudamed.de<\/a><br \/>\nWeb <a href=\"http:\/\/www.qudamed.de\/\">www.qudamed.de<\/a><\/p>\n<hr \/>\n<p><strong>Medizinproduktebeauftragter<\/strong>:<\/p>\n<p>email: <a href=\"mailto:medizinproduktebeauftragter@gim-witten.de\">medizinproduktebeauftragter@gim-witten.de<\/a><\/p>\n<hr \/>\n<p><strong>Bildnachweise<\/strong>:<br \/>\n&#8211; Foto Dialysezentrum GIM: Urheber: Photographee.eu\/Fotolia<br \/>\n&#8211; Foto Dialyse und Apherese am Marien Hospital Witten: Urheber: Tyler Olson\/Fotolia<br \/>\n&#8211; Foto Magen- und Darmspiegelung: Urheber: momius\/Fotolia<br \/>\nFotos:<br \/>\n<a href=\"http:\/\/www.dasblitzatelier.de\" target=\"_blank\" rel=\"noopener noreferrer\">Silvia Mannott<\/a><br \/>\n<a href=\"http:\/\/www.inariepe.de\" target=\"_blank\" rel=\"noopener noreferrer\">Ina Riepe<\/a><\/p>\n<hr \/>\n<p><a href=\"http:\/\/www.gim-witten.de\/kontakt\/datenschutz\/\">Datenschutzerkl\u00e4rung gem\u00e4\u00df DSGVO<\/a><\/p>\n<hr \/>\n<p><strong>Datenschutz gem\u00e4\u00df Telemediengesetz<\/strong><\/p>\n<div id=\"rechtespalte\">\n<p>Den Schutz Ihrer pers\u00f6nlichen Daten nehmen wir ernst, auch anl\u00e4sslich Ihres Besuches auf unserer Homepage. Ihre Daten werden so gesch\u00fctzt, wie es die gesetzlichen Vorschriften, insbesondere das neue Telemediengesetz vorsehen. Nachfolgend finden Sie Informationen, welche Daten w\u00e4hrend Ihres Besuches auf der Homepage erfasst und wie diese genutzt werden:<br \/>\nUnsere Internet-Seiten sind anonym zu nutzen. Sie enthalten au\u00dfer den freiwilligen Angaben in Kontaktformularen keine Abfragen zu personenbezogenen oder personenbeziehbaren Daten. Wir hinterlegen keine Cookies auf den Computern der Nutzer.<br \/>\nEmail:<br \/>\nSollten Sie sich per Email an uns wenden, wird Ihre Mail vertraulich behandelt. Ihre Mail und die Antwort, die Sie von uns erhalten, werden vor\u00fcbergehend vorgehalten, soweit es der Fortgang der Korrespondenz erforderlich erscheinen l\u00e4sst. Sp\u00e4ter werden die Emails und Ihre pers\u00f6nlichen Angaben gel\u00f6scht.<br \/>\nBriefpost:<br \/>\nWenn Sie sich per Briefpost an uns wenden, wird Ihre Postadresse nur insoweit gespeichert, wie es zur Erf\u00fcllung Ihres Anliegens erforderlich ist. Auch die Briefpost wird vertraulich behandelt.<br \/>\nAusnahmen:<br \/>\nSollten Sie eine Speicherung Ihrer Adresse ausdr\u00fccklich w\u00fcnschen, weil sie z.B. kontinuierlich Informationen von uns erhalten wollen, speichern wir sie, solange Sie es m\u00f6chten. Sie haben jederzeit das Recht auf Widerruf.<br \/>\nWeitergabe der Daten an Dritte:<br \/>\nIhre Angaben werden nicht an Dritte weitergegeben.<\/p>\n<p>Gem\u00e4\u00df des \u201eGesetzes \u00fcber die alternative Streitbeilegung in Verbrauchersachen\u201c (VSBG) sind wir nicht zur au\u00dfergerichtlichen Streitbeilegung verpflichtet. Wir nehmen nicht an diesem Schlichtungsverfahren teil.<\/p>\n<hr \/>\n<p><strong><a href=\"http:\/\/gemeinschaftspraxis-ardeystrasse.de\/wordpress\/wp-content\/uploads\/Scan150518093130.pdf\">Patienten &#8211; Informationen zum Datenschutz (pdf)<\/a><\/strong><\/p>\n<hr \/>\n<p>Website:<br \/>\nRainer Wiederhold<\/p>\n<\/div>\n<\/div>\n","protected":false},"excerpt":{"rendered":"<p>Informationen gem\u00e4\u00df \u00a7 5 Teledienstgesetz Name der Praxis: Gesundheitszentrum Innere Medizin Markus Knittel Angestellte \u00c4rztinnen: PD Dr. med. Carolin Manthey Dr. med. Julia Zwiehoff Dr. med. Alexander Ivchenko Prof Dr. med. Dr. hc. Thomas Philipp Dr. med. Manfred Claus Pferdebachstr.&hellip; <\/p>\n","protected":false},"author":1,"featured_media":4400,"parent":252,"menu_order":2,"comment_status":"closed","ping_status":"closed","template":"","meta":{"footnotes":""},"class_list":["post-250","page","type-page","status-publish","has-post-thumbnail","hentry"],"_links":{"self":[{"href":"https:\/\/www.gim-witten.de\/wordpress\/wp-json\/wp\/v2\/pages\/250","targetHints":{"allow":["GET"]}}],"collection":[{"href":"https:\/\/www.gim-witten.de\/wordpress\/wp-json\/wp\/v2\/pages"}],"about":[{"href":"https:\/\/www.gim-witten.de\/wordpress\/wp-json\/wp\/v2\/types\/page"}],"author":[{"embeddable":true,"href":"https:\/\/www.gim-witten.de\/wordpress\/wp-json\/wp\/v2\/users\/1"}],"replies":[{"embeddable":true,"href":"https:\/\/www.gim-witten.de\/wordpress\/wp-json\/wp\/v2\/comments?post=250"}],"version-history":[{"count":54,"href":"https:\/\/www.gim-witten.de\/wordpress\/wp-json\/wp\/v2\/pages\/250\/revisions"}],"predecessor-version":[{"id":4397,"href":"https:\/\/www.gim-witten.de\/wordpress\/wp-json\/wp\/v2\/pages\/250\/revisions\/4397"}],"up":[{"embeddable":true,"href":"https:\/\/www.gim-witten.de\/wordpress\/wp-json\/wp\/v2\/pages\/252"}],"wp:featuredmedia":[{"embeddable":true,"href":"https:\/\/www.gim-witten.de\/wordpress\/wp-json\/wp\/v2\/media\/4400"}],"wp:attachment":[{"href":"https:\/\/www.gim-witten.de\/wordpress\/wp-json\/wp\/v2\/media?parent=250"}],"curies":[{"name":"wp","href":"https:\/\/api.w.org\/{rel}","templated":true}]}}