{"id":2616,"date":"2015-01-27T14:41:48","date_gmt":"2015-01-27T13:41:48","guid":{"rendered":"http:\/\/www.gemeinschaftspraxis-ardeystrasse.de\/?page_id=2616"},"modified":"2023-05-17T15:31:33","modified_gmt":"2023-05-17T13:31:33","slug":"dr-julia-zwiehoff","status":"publish","type":"page","link":"https:\/\/www.gim-witten.de\/wordpress\/ueberuns\/aerzte\/dr-julia-zwiehoff\/","title":{"rendered":"Dr. Julia Zwiehoff"},"content":{"rendered":"<p><strong>Fach\u00e4rztin f\u00fcr Innere Medizin und f\u00fcr Kardiologie (angestellte \u00c4rztin)<\/strong><\/p>\n<table>\n<tbody>\n<tr>\n<td>2005 &#8211; 2011<\/td>\n<td>Studium der Humanmedizin, Georg-August-Universit\u00e4t G\u00f6ttingen und Ruhruniversit\u00e4t Bochum<\/td>\n<\/tr>\n<tr>\n<td>2011 &#8211; 2015<\/td>\n<td>Assistenz\u00e4rztin in der Augusta-Krankenanstalt Bochum \/ Innere Medizin<\/td>\n<\/tr>\n<tr>\n<td>2016 &#8211; 2020<\/td>\n<td>Assistenz\u00e4rztin in der Augusta-Krankenanstalt Bochum \/ Kardiologie\/Angiologie<\/td>\n<\/tr>\n<tr>\n<td>2013<\/td>\n<td>Promotion<\/td>\n<\/tr>\n<tr>\n<td>2019<\/td>\n<td>Fach\u00e4rztin f\u00fcr Innere Medizin und Kardiologie<\/td>\n<\/tr>\n<tr>\n<td><\/td>\n<td><\/td>\n<\/tr>\n<tr>\n<td><\/td>\n<td><\/td>\n<\/tr>\n<tr>\n<td><\/td>\n<td><\/td>\n<\/tr>\n<\/tbody>\n<\/table>\n","protected":false},"excerpt":{"rendered":"<p>Fach\u00e4rztin f\u00fcr Innere Medizin und f\u00fcr Kardiologie (angestellte \u00c4rztin) 2005 &#8211; 2011 Studium der Humanmedizin, Georg-August-Universit\u00e4t G\u00f6ttingen und Ruhruniversit\u00e4t Bochum 2011 &#8211; 2015 Assistenz\u00e4rztin in der Augusta-Krankenanstalt Bochum \/ Innere Medizin 2016 &#8211; 2020 Assistenz\u00e4rztin in der Augusta-Krankenanstalt Bochum \/&hellip; <\/p>\n","protected":false},"author":1,"featured_media":4262,"parent":568,"menu_order":6,"comment_status":"closed","ping_status":"closed","template":"","meta":{"footnotes":""},"class_list":["post-2616","page","type-page","status-publish","has-post-thumbnail","hentry"],"_links":{"self":[{"href":"https:\/\/www.gim-witten.de\/wordpress\/wp-json\/wp\/v2\/pages\/2616","targetHints":{"allow":["GET"]}}],"collection":[{"href":"https:\/\/www.gim-witten.de\/wordpress\/wp-json\/wp\/v2\/pages"}],"about":[{"href":"https:\/\/www.gim-witten.de\/wordpress\/wp-json\/wp\/v2\/types\/page"}],"author":[{"embeddable":true,"href":"https:\/\/www.gim-witten.de\/wordpress\/wp-json\/wp\/v2\/users\/1"}],"replies":[{"embeddable":true,"href":"https:\/\/www.gim-witten.de\/wordpress\/wp-json\/wp\/v2\/comments?post=2616"}],"version-history":[{"count":19,"href":"https:\/\/www.gim-witten.de\/wordpress\/wp-json\/wp\/v2\/pages\/2616\/revisions"}],"predecessor-version":[{"id":3996,"href":"https:\/\/www.gim-witten.de\/wordpress\/wp-json\/wp\/v2\/pages\/2616\/revisions\/3996"}],"up":[{"embeddable":true,"href":"https:\/\/www.gim-witten.de\/wordpress\/wp-json\/wp\/v2\/pages\/568"}],"wp:featuredmedia":[{"embeddable":true,"href":"https:\/\/www.gim-witten.de\/wordpress\/wp-json\/wp\/v2\/media\/4262"}],"wp:attachment":[{"href":"https:\/\/www.gim-witten.de\/wordpress\/wp-json\/wp\/v2\/media?parent=2616"}],"curies":[{"name":"wp","href":"https:\/\/api.w.org\/{rel}","templated":true}]}}