{"id":2719,"date":"2015-06-11T21:47:06","date_gmt":"2015-06-11T19:47:06","guid":{"rendered":"http:\/\/www.gemeinschaftspraxis-ardeystrasse.de\/?page_id=2719"},"modified":"2026-03-03T19:49:34","modified_gmt":"2026-03-03T18:49:34","slug":"kardiologie","status":"publish","type":"page","link":"https:\/\/www.gim-witten.de\/wordpress\/kardiologie\/","title":{"rendered":"KARDIOLOGIE"},"content":{"rendered":"\n<p>&nbsp;<\/p>\n\n\n\n<div class=\"wp-block-columns is-layout-flex wp-container-core-columns-is-layout-9d6595d7 wp-block-columns-is-layout-flex\">\n<div class=\"wp-block-column is-layout-flow wp-block-column-is-layout-flow\" style=\"flex-basis:33.33%\">\n<figure class=\"wp-block-image size-large is-resized\"><img loading=\"lazy\" decoding=\"async\" width=\"740\" height=\"1024\" src=\"https:\/\/www.gim-witten.de\/wordpress\/wp-content\/uploads\/823-740x1024.jpg\" alt=\"\" class=\"wp-image-4244\" style=\"aspect-ratio:0.7226774285597815;width:198px;height:auto\"\/><figcaption class=\"wp-element-caption\"><strong>Dr. Julia Zwiehoff<\/strong><br>Fach\u00e4rztin f\u00fcr Innere Medizin und Kardiologie<\/figcaption><\/figure>\n<\/div>\n\n\n\n<div class=\"wp-block-column is-layout-flow wp-block-column-is-layout-flow\" style=\"flex-basis:66.66%\">\n<p>Diagnostik<br><br>Das Angebot der kardiologischen Diagnostik umfasst u.a.<br>Langzeit-EKG<br>Belastungs-EKG<br>Echokardiographie<br>Schrittmacher-und Defibrillatorkontrollen<br>Duplex\/Doppleruntersuchungen der Halsgef\u00e4\u00dfe<br><br>Eine kardiologische Diagnotik sollte bei unklaren Brustschmerzen, Luftnot mit und ohne Belastung und bei unregelm\u00e4\u00dfigem Herzrhythmus erfolgen. Treten diese Symptome auf, sollte der Hausarzt aufgesucht werden, der dann \u00fcber die Vorstellung entscheidet und gegebenenfalls eine \u00dcberweisung ausstellt.<br><br>Wichtig: Vorbefunde, Krankenhausberichte und Laborwerte sollten mitgebracht werden.<\/p>\n<\/div>\n<\/div>\n\n\n\n<div class=\"wp-block-columns is-layout-flex wp-container-core-columns-is-layout-9d6595d7 wp-block-columns-is-layout-flex\">\n<div class=\"wp-block-column is-layout-flow wp-block-column-is-layout-flow\" style=\"flex-basis:33.33%\">\n<figure class=\"wp-block-image size-full\"><img loading=\"lazy\" decoding=\"async\" width=\"123\" height=\"170\" src=\"https:\/\/www.gim-witten.de\/wordpress\/wp-content\/uploads\/blind.jpg\" alt=\"Prof Dr. med. Dr. hc. Thomas Philipp Facharzt f\u00fcr Innere Medizin, Universit\u00e4tsprofessor f\u00fcr Nieren- und Hochdruckkrankheiten, Klinische Immunologie und Infektiologie *angestellter Arzt\" class=\"wp-image-4336\"\/><figcaption class=\"wp-element-caption\"><p><strong>Dr. med. Alexander Ivchenko<\/strong> Facharzt f\u00fcr Innere Medizin und Kardiologie<\/p><\/figcaption><\/figure>\n<\/div>\n\n\n\n<div class=\"wp-block-column is-layout-flow wp-block-column-is-layout-flow\" style=\"flex-basis:66.66%\"><\/div>\n<\/div>\n","protected":false},"excerpt":{"rendered":"<p>Diagnostik<\/p>\n<p>Das Angebot der kardiologischen Diagnostik umfasst u.a.<br \/>Langzeit-EKG<br \/>Belastungs-EKG<br \/>Echokardiographie<br \/>Schrittmacher-und Defibrillatorkontrollen<br \/>Duplex\/Doppleruntersuchungen der Halsgef\u00e4\u00dfe<\/p>\n<p>Eine kardiologische Diagnotik sollte bei unklaren Brustschmerzen, Luftnot mit und ohne Belastung und bei unregelm\u00e4\u00dfigem Herzrhythmus erfolgen. Treten diese Symptome auf, sollte der Hausarzt aufgesucht werden, der dann \u00fcber die Vorstellung entscheidet und gegebenenfalls eine \u00dcberweisung ausstellt.<\/p>\n<p>Wichtig: Vorbefunde, Krankenhausberichte und Laborwerte sollten mitgebracht werden.<\/p>\n","protected":false},"author":1,"featured_media":3249,"parent":0,"menu_order":45,"comment_status":"closed","ping_status":"closed","template":"","meta":{"footnotes":""},"class_list":["post-2719","page","type-page","status-publish","has-post-thumbnail","hentry"],"_links":{"self":[{"href":"https:\/\/www.gim-witten.de\/wordpress\/wp-json\/wp\/v2\/pages\/2719","targetHints":{"allow":["GET"]}}],"collection":[{"href":"https:\/\/www.gim-witten.de\/wordpress\/wp-json\/wp\/v2\/pages"}],"about":[{"href":"https:\/\/www.gim-witten.de\/wordpress\/wp-json\/wp\/v2\/types\/page"}],"author":[{"embeddable":true,"href":"https:\/\/www.gim-witten.de\/wordpress\/wp-json\/wp\/v2\/users\/1"}],"replies":[{"embeddable":true,"href":"https:\/\/www.gim-witten.de\/wordpress\/wp-json\/wp\/v2\/comments?post=2719"}],"version-history":[{"count":34,"href":"https:\/\/www.gim-witten.de\/wordpress\/wp-json\/wp\/v2\/pages\/2719\/revisions"}],"predecessor-version":[{"id":4385,"href":"https:\/\/www.gim-witten.de\/wordpress\/wp-json\/wp\/v2\/pages\/2719\/revisions\/4385"}],"wp:featuredmedia":[{"embeddable":true,"href":"https:\/\/www.gim-witten.de\/wordpress\/wp-json\/wp\/v2\/media\/3249"}],"wp:attachment":[{"href":"https:\/\/www.gim-witten.de\/wordpress\/wp-json\/wp\/v2\/media?parent=2719"}],"curies":[{"name":"wp","href":"https:\/\/api.w.org\/{rel}","templated":true}]}}