{"id":286,"date":"2011-02-13T17:58:34","date_gmt":"2011-02-13T16:58:34","guid":{"rendered":"http:\/\/localhost\/wordpress\/"},"modified":"2025-04-05T12:04:17","modified_gmt":"2025-04-05T10:04:17","slug":"dialyse","status":"publish","type":"page","link":"https:\/\/www.gim-witten.de\/wordpress\/dialyse\/","title":{"rendered":"NEPHROLOGIE"},"content":{"rendered":"<div id=\"attachment_4239\" style=\"width: 227px\" class=\"wp-caption alignright\"><img loading=\"lazy\" decoding=\"async\" aria-describedby=\"caption-attachment-4239\" class=\"wp-image-4239 size-medium\" src=\"https:\/\/www.gim-witten.de\/wordpress\/wp-content\/uploads\/851-217x300.jpg\" alt=\"\" width=\"217\" height=\"300\" \/><p id=\"caption-attachment-4239\" class=\"wp-caption-text\">Markus Knittel<br \/>Facharzt f\u00fcr Nephrologie<\/p>\n<p><a style=\"display: block; text-align: center; background-color: #0596de; color: #ffffff; font-size: 14px; overflow: hidden; width: 196px; height: 77px; border-bottom-right-radius: 4px; border-bottom-left-radius: 4px; position: auto; top: 0; right: 5px; z-index: 1000;\" href=\"https:\/\/www.doctolib.de\/gemeinschaftspraxis\/witten\/gim-witten?practitioner_id=23947057&amp;speciality_id=1302&amp;utm_campaign=website-button&amp;utm_source=gim-witten-website-button&amp;utm_medium=referral&amp;utm_content=option-3&amp;utm_term=gim-witten\" target=\"_blank\" rel=\"noopener noreferrer\" data-reactroot=\"\"><span style=\"font-size: 23px; margin-top: 10px; display: block;\">Termin buchen<\/span><span style=\"fon-size: 14px;\">Ein Service von<\/span><img decoding=\"async\" style=\"height: 15px; margin-bottom: 3px; margin-left: 0; vertical-align: middle; width: auto;\" src=\"https:\/\/pro.doctolib.de\/external_button\/doctolib-white-transparent.png\" alt=\"Doctolib\" \/><\/a><\/p><\/div>\n<p>Die Nierenheilkunde (Nephrologie) umfasst die Vorbeugung und Behandlung aller Nierenerkrankungen, die Dialyse und die Transplantation.<br \/>\nUnsere Aufgabe ist die nephrologische Versorgung von nierenkranken Menschen mit und ohne Nierenersatztherapie in Witten .<\/p>\n<h6>Nephrologische Praxis<\/h6>\n<p>In unserer nephrologischen Praxis werden alle Untersuchungen durchgef\u00fchrt, die f\u00fcr eine klare und eindeutige Diagnose einer Nierenerkrankung notwendig sind.<br \/>\nWir nehmen uns Zeit f\u00fcr Sie und beraten Sie ausf\u00fchrlich.<\/p>\n<p>Unser Leistungsspektrum umfasst die Diagnostik, Therapie und Beratung<\/p>\n<ul>\n<li>bei allen akuten und chronischen Nierenerkrankungen<\/li>\n<li>f\u00fcr alle g\u00e4ngigen Dialyseverfahren (H\u00e4modialyse, Peritonealdialyse)<\/li>\n<li>zum Thema Nierentransplantation und Lebend-Nierenspende<\/li>\n<\/ul>\n<h6>Nierenschutz<\/h6>\n<p>Das oberste Ziel ist immer ein vorbeugender Nierenschutz, um eine Dialysepflichtigkeit zu verhindern oder mindestens hinauszuz\u00f6gern.<br \/>\nAlle Risikofaktoren und Nierenkomplikationen m\u00fcssen fr\u00fch erkannt und konsequent behandelt werden.<br \/>\nEine t\u00e4gliche Trinkmenge von mindestens 2 Litern ist wichtiger als eine Nierendi\u00e4t.<br \/>\nDer Blutdruck und auch der Blutzucker mu\u00df optimal eingestellt werden.<br \/>\nBluthochdruck und Diabetes sind heutzutage die Hauptverursacher einer chronischen Nierensch\u00e4digung.<br \/>\nZu unseren Aufgaben z\u00e4hlt auch die gezielte Abkl\u00e4rung und Behandlung einer nierenbedingten Blutarmut, der Ausgleich der Elektrolyte (Blutsalze), des Wasserhaushaltes und der \u00dcbers\u00e4uerung des Blutes. Auch die Eiwei\u00dfausscheidung im Urin und der Knochenstoffwechsel m\u00fcssen regelm\u00e4\u00dfig kontrolliert und bei Bedarf behandelt werden.<br \/>\nViele Medikamente und andere Substanzen haben einen nierensch\u00e4digenden Einfluss.<br \/>\nHier sind Alternativen, L\u00f6sungen und ein gezielter Nierenschutz gefragt.<\/p>\n<h6>\u201eNephro-Caf\u00e9\u201c<\/h6>\n<p>In der Pr\u00e4-Dialysezeit sind Sie herzlich in unser \u201eNephro-Caf\u00e9\u201c eingeladen. Dies ist ein Gespr\u00e4chskreis f\u00fcr alle Themen \u201erund um die Niere\u201c.<br \/>\nEs sind wirkliche Profis anwesend, d.h. Dialysepatienten, die mit einer \u201eBlutw\u00e4sche\u201c (H\u00e4modialyse) oder einer \u201eBauchfelldialyse\u201c (Peritonealdialyse) behandelt werden.<br \/>\nNierentransplantierte Patienten sind auch immer dabei.<\/p>\n<p>Hier haben Sie Gelegenheit, alle Fragen mit Gleichgesinnten auszutauschen.<\/p>\n","protected":false},"excerpt":{"rendered":"<p>Die Nierenheilkunde (Nephrologie) umfasst die Vorbeugung und Behandlung aller Nierenerkrankungen, die Dialyse und die Transplantation. Unsere Aufgabe ist die nephrologische Versorgung von nierenkranken Menschen mit und ohne Nierenersatztherapie in Witten . Nephrologische Praxis In unserer nephrologischen Praxis werden alle Untersuchungen&hellip; <\/p>\n","protected":false},"author":1,"featured_media":2386,"parent":0,"menu_order":20,"comment_status":"closed","ping_status":"closed","template":"","meta":{"footnotes":""},"class_list":["post-286","page","type-page","status-publish","has-post-thumbnail","hentry"],"_links":{"self":[{"href":"https:\/\/www.gim-witten.de\/wordpress\/wp-json\/wp\/v2\/pages\/286","targetHints":{"allow":["GET"]}}],"collection":[{"href":"https:\/\/www.gim-witten.de\/wordpress\/wp-json\/wp\/v2\/pages"}],"about":[{"href":"https:\/\/www.gim-witten.de\/wordpress\/wp-json\/wp\/v2\/types\/page"}],"author":[{"embeddable":true,"href":"https:\/\/www.gim-witten.de\/wordpress\/wp-json\/wp\/v2\/users\/1"}],"replies":[{"embeddable":true,"href":"https:\/\/www.gim-witten.de\/wordpress\/wp-json\/wp\/v2\/comments?post=286"}],"version-history":[{"count":101,"href":"https:\/\/www.gim-witten.de\/wordpress\/wp-json\/wp\/v2\/pages\/286\/revisions"}],"predecessor-version":[{"id":4308,"href":"https:\/\/www.gim-witten.de\/wordpress\/wp-json\/wp\/v2\/pages\/286\/revisions\/4308"}],"wp:featuredmedia":[{"embeddable":true,"href":"https:\/\/www.gim-witten.de\/wordpress\/wp-json\/wp\/v2\/media\/2386"}],"wp:attachment":[{"href":"https:\/\/www.gim-witten.de\/wordpress\/wp-json\/wp\/v2\/media?parent=286"}],"curies":[{"name":"wp","href":"https:\/\/api.w.org\/{rel}","templated":true}]}}