{"id":288,"date":"2011-02-13T17:59:32","date_gmt":"2011-02-13T16:59:32","guid":{"rendered":"http:\/\/localhost\/wordpress\/"},"modified":"2025-04-05T12:49:03","modified_gmt":"2025-04-05T10:49:03","slug":"innere","status":"publish","type":"page","link":"https:\/\/www.gim-witten.de\/wordpress\/innere\/","title":{"rendered":"GASTROENTEROLOGIE"},"content":{"rendered":"<div id=\"attachment_4245\" style=\"width: 227px\" class=\"wp-caption alignleft\"><img loading=\"lazy\" decoding=\"async\" aria-describedby=\"caption-attachment-4245\" class=\"wp-image-4245 size-medium\" src=\"https:\/\/www.gim-witten.de\/wordpress\/wp-content\/uploads\/799-217x300.jpg\" alt=\"\" width=\"217\" height=\"300\" \/><p id=\"caption-attachment-4245\" class=\"wp-caption-text\">PD Dr. Carolin Manthey<br \/>Fach\u00e4rztin f\u00fcr Innere Medizin<br \/>und Gastroenterologie<\/p><\/div>\n<p>&nbsp;<\/p>\n<p>Eine Diagnostik des Magen-Darm-Traktes kann bei vielen Erkrankungen notwendig sein.<br \/>\nFrau PD Dr. Manthey verf\u00fcgt \u00fcber eine langj\u00e4hrige Klinikerfahrung in leitender Position am Universit\u00e4tsklinikum Hamburg-Eppendorf. Neben der endoskopischen Diagnostik besteht daher eine besondere Expertise in der Behandlung von entz\u00fcndlichen Erkrankungen des Magen-Darm-Trakts.<\/p>\n<p><strong>Endoskopie<\/strong><br \/>\n\u2022 Ultraschall der Bauchorgane<br \/>\n\u2022 Gastroskopie, d.h. Spiegelung der Speiser\u00f6hre, des Magens und des oberen D\u00fcnndarms<br \/>\n\u2022 Koloskopie, d.h. Spiegelung des Enddarmes, des Dickdarmes und des unteren D\u00fcnndarms<br \/>\n\u2022 Vorsorgekoloskopie<br \/>\n\u2022 Polypektomie<\/p>\n<p><strong>Gastroenterologische Erkrankungen<\/strong><br \/>\n\u2022 Chronisch-entz\u00fcndliche Darmerkrankungen (M. Crohn, Colitis ulcerosa)<br \/>\n\u2022 Z\u00f6liakie<br \/>\n\u2022 Mikroskopische Colitis<br \/>\nBitte bringen Sie zu Ihrem Termin alle wichtigen Vorbefunde (Arztbriefe, CDs von MRT\/CT, bisherige Medikationslisten) mit.<\/p>\n<p><strong>Ablauf der Endoskopie<\/strong><br \/>\nGastroskopie (Magenspiegelung)<br \/>\n\u2022 Einnahme der letzten Mahlzeit am Vorabend<br \/>\n\u2022 Vor der Untersuchung nicht rauchen und keine Medikamente einnehmen<br \/>\nKoloskopie (Darmspiegelung)<br \/>\n\u2022 Aufkl\u00e4rungsgespr\u00e4ch \u00fcber die notwendige Reinigungsma\u00dfnahme<br \/>\n\u2022 Vor der Untersuchung nicht rauchen und keine Medikamente einnehmen<br \/>\nNarkose<br \/>\nSowohl zur Magen- als auch vor der Darmspiegelung k\u00f6nnen kurz wirkende Bet\u00e4ubungsmittel verabreicht werden. Wir bieten auf Wunsch eine Narkose mit Propofol und Midazolam an. Nach Gabe dieser Medikamente sind Sie an diesem Tage nicht mehr fahrt\u00fcchtig. Sie sollten sich daher bringen und abholen lassen. Bei Bedarf erhalten Sie eine Arbeitsunf\u00e4higkeitsbescheinigung.<\/p>\n<p><strong>Vorsorgekoloskopie<\/strong><br \/>\n\u00dcber die Vorsorgekoloskopie ist es m\u00f6glich, Dickdarmkrebs im fr\u00fchen und damit heilbarem Krankheitsstadium zu erkennen und zu behandeln. W\u00e4hrend der Untersuchung k\u00f6nnen auch sogenannte Polypen, die zun\u00e4chst harmlose Vorstadien eines Krebses sein k\u00f6nnen, nachgewiesen und in der gleichen Untersuchung entfernt werden. Somit ist die Darmspiegelung die effektivste und sicherste Methode in der Pr\u00e4vention von Darmkrebs. Sie kann auch dazu beitragen, eine Behandlung im fr\u00fchen Stadium zu sein.<br \/>\nEine Darmkrebsvorsorgekoloskopie k\u00f6nnen Frauen nach Vollendung Ihres 55. Lebensjahres in Anspruch nehmen, M\u00e4nner k\u00f6nnen bereits nach Vollendung des 50. Lebensjahres diese Untersuchung durchf\u00fchren lassen. Voraussetzung ist die gesetzliche Krankenversicherung. Auch die privaten Krankenversicherungen \u00fcbernehmen meist die Kosten einer Vorsorgekoloskopie.<\/p>\n","protected":false},"excerpt":{"rendered":"<p>&nbsp; Eine Diagnostik des Magen-Darm-Traktes kann bei vielen Erkrankungen notwendig sein. Frau PD Dr. Manthey verf\u00fcgt \u00fcber eine langj\u00e4hrige Klinikerfahrung in leitender Position am Universit\u00e4tsklinikum Hamburg-Eppendorf. Neben der endoskopischen Diagnostik besteht daher eine besondere Expertise in der Behandlung von entz\u00fcndlichen&hellip; <\/p>\n","protected":false},"author":1,"featured_media":1634,"parent":0,"menu_order":40,"comment_status":"closed","ping_status":"closed","template":"","meta":{"footnotes":""},"class_list":["post-288","page","type-page","status-publish","has-post-thumbnail","hentry"],"_links":{"self":[{"href":"https:\/\/www.gim-witten.de\/wordpress\/wp-json\/wp\/v2\/pages\/288","targetHints":{"allow":["GET"]}}],"collection":[{"href":"https:\/\/www.gim-witten.de\/wordpress\/wp-json\/wp\/v2\/pages"}],"about":[{"href":"https:\/\/www.gim-witten.de\/wordpress\/wp-json\/wp\/v2\/types\/page"}],"author":[{"embeddable":true,"href":"https:\/\/www.gim-witten.de\/wordpress\/wp-json\/wp\/v2\/users\/1"}],"replies":[{"embeddable":true,"href":"https:\/\/www.gim-witten.de\/wordpress\/wp-json\/wp\/v2\/comments?post=288"}],"version-history":[{"count":74,"href":"https:\/\/www.gim-witten.de\/wordpress\/wp-json\/wp\/v2\/pages\/288\/revisions"}],"predecessor-version":[{"id":4317,"href":"https:\/\/www.gim-witten.de\/wordpress\/wp-json\/wp\/v2\/pages\/288\/revisions\/4317"}],"wp:featuredmedia":[{"embeddable":true,"href":"https:\/\/www.gim-witten.de\/wordpress\/wp-json\/wp\/v2\/media\/1634"}],"wp:attachment":[{"href":"https:\/\/www.gim-witten.de\/wordpress\/wp-json\/wp\/v2\/media?parent=288"}],"curies":[{"name":"wp","href":"https:\/\/api.w.org\/{rel}","templated":true}]}}