{"id":297,"date":"2011-02-13T18:03:55","date_gmt":"2011-02-13T17:03:55","guid":{"rendered":"http:\/\/localhost\/wordpress\/"},"modified":"2026-02-27T13:48:02","modified_gmt":"2026-02-27T12:48:02","slug":"ueberuns","status":"publish","type":"page","link":"https:\/\/www.gim-witten.de\/wordpress\/ueberuns\/","title":{"rendered":"\u00dcBER UNS"},"content":{"rendered":"<h6>Herzlich Willkommen<\/h6>\n<p>Die Gemeinschaftspraxis Innere Medizin (GIM) in der Pferdebachstr. 29 (vorher Ardeystr.105)\u00a0 in Witten besteht seit 1988.<\/p>\n<p>Wir sind eine Schwerpunktpraxis f\u00fcr Nierenerkrankungen sowie Tumor- und Bluterkrankungen.<br \/>\nZus\u00e4tzlich bieten wir Ihnen wichtige diagnostische Untersuchungen der Inneren Medizin an.<br \/>\nHervorheben m\u00f6chten wir die endoskopischen Untersuchungen wie Magen- und Darmspiegelungen, auch als Vorsorgeuntersuchung.<\/p>\n<p>Die Diagnostik und Behandlung Ihrer Erkrankung auf\u00a0 h\u00f6chstem medizinischen Niveau in angstfreier Atmosph\u00e4re sind unser Ziel und Ma\u00dfstab f\u00fcr die Qualit\u00e4t unserer Arbeit.<br \/>\nEin gelebtes Qualit\u00e4tsmanagement und eine kontinuierliche Fortbildung sichert diese Ziele.<\/p>\n<h6>Unser Leistungsspektrum<\/h6>\n<p>Fachinternistische Diagnostik, Therapie und Beratung bei<\/p>\n<ul>\n<li><strong>allen Nierenerkrankungen<\/strong><\/li>\n<li><strong>schwerem Bluthochdruck<\/strong><\/li>\n<li><strong>allen Tumorerkrankungen<\/strong><\/li>\n<li><strong>allen Bluterkrankungen<\/strong><\/li>\n<li><strong>Fettstoffwechselst\u00f6rungen<\/strong><\/li>\n<li><strong>allen Herzerkrankungen<\/strong><\/li>\n<\/ul>\n<p>Wir bieten<\/p>\n<ul>\n<li><strong>alle Dialyseverfahren<\/strong><\/li>\n<li><strong>Apheresebehandlung<\/strong><\/li>\n<li><strong>Transfusion von Blutprodukten<\/strong><\/li>\n<li><strong>Durchf\u00fchrung von Magen- und Darmspiegelungen<\/strong><\/li>\n<li><strong>nicht-invasive kardiologische Diagnostik<\/strong><\/li>\n<\/ul>\n","protected":false},"excerpt":{"rendered":"<p>Herzlich Willkommen Die Gemeinschaftspraxis Innere Medizin (GIM) in der Pferdebachstr. 29 (vorher Ardeystr.105)\u00a0 in Witten besteht seit 1988. Wir sind eine Schwerpunktpraxis f\u00fcr Nierenerkrankungen sowie Tumor- und Bluterkrankungen. Zus\u00e4tzlich bieten wir Ihnen wichtige diagnostische Untersuchungen der Inneren Medizin an. Hervorheben&hellip; <\/p>\n","protected":false},"author":1,"featured_media":0,"parent":0,"menu_order":10,"comment_status":"closed","ping_status":"closed","template":"","meta":{"footnotes":""},"class_list":["post-297","page","type-page","status-publish","hentry"],"_links":{"self":[{"href":"https:\/\/www.gim-witten.de\/wordpress\/wp-json\/wp\/v2\/pages\/297","targetHints":{"allow":["GET"]}}],"collection":[{"href":"https:\/\/www.gim-witten.de\/wordpress\/wp-json\/wp\/v2\/pages"}],"about":[{"href":"https:\/\/www.gim-witten.de\/wordpress\/wp-json\/wp\/v2\/types\/page"}],"author":[{"embeddable":true,"href":"https:\/\/www.gim-witten.de\/wordpress\/wp-json\/wp\/v2\/users\/1"}],"replies":[{"embeddable":true,"href":"https:\/\/www.gim-witten.de\/wordpress\/wp-json\/wp\/v2\/comments?post=297"}],"version-history":[{"count":79,"href":"https:\/\/www.gim-witten.de\/wordpress\/wp-json\/wp\/v2\/pages\/297\/revisions"}],"predecessor-version":[{"id":4324,"href":"https:\/\/www.gim-witten.de\/wordpress\/wp-json\/wp\/v2\/pages\/297\/revisions\/4324"}],"wp:attachment":[{"href":"https:\/\/www.gim-witten.de\/wordpress\/wp-json\/wp\/v2\/media?parent=297"}],"curies":[{"name":"wp","href":"https:\/\/api.w.org\/{rel}","templated":true}]}}