{"id":316,"date":"2011-02-13T18:10:41","date_gmt":"2011-02-13T17:10:41","guid":{"rendered":"http:\/\/localhost\/wordpress\/"},"modified":"2020-11-20T12:51:47","modified_gmt":"2020-11-20T11:51:47","slug":"nachtdialyse","status":"publish","type":"page","link":"https:\/\/www.gim-witten.de\/wordpress\/dialyse\/nachtdialyse\/","title":{"rendered":"Nachtdialyse"},"content":{"rendered":"<p>Dialysebehandlungen in der Nacht sind vertr\u00e4glicher und effektiver.<br \/>\nDie lange Dialysezeit \u00fcber 7-8 Stunden erm\u00f6glicht eine intensive Entgiftung des K\u00f6rpers und einen schonenden Wasserentzug. Das gute Ergebnis bewirkt nicht nur eine Steigerung Ihrer k\u00f6rperlichen Leistungsf\u00e4higkeit. Wir erkennen ebenfalls eine Besserung s\u00e4mtlicher Dialysequalit\u00e4tswerte, eine gute Blutdruckeinstellung, weniger Blutarmut und eine Abnahme des Medikamentenverbrauchs.<\/p>\n<p>Durch die Langzeitdialyse w\u00e4hrend des Schlafs gewinnen Sie als Patient mehr Zeit f\u00fcr Familie und\/oder Beruf und pers\u00f6nliche Bed\u00fcrfnisse.<br \/>\nSie f\u00fchlen sich fast wie ein Gesunder.<br \/>\nDie Nachtdialyse ist eine \u201elimited care Dialyse\u201c. Nur Patienten mit stabilem Kreislauf, gutem Allgemeinbefinden und guter Shuntfunktion kommen hierf\u00fcr in Betracht.<\/p>\n<h6>Nachtdialyse bei uns im Dialysezentrum<\/h6>\n<p>Leider k\u00f6nnen wir zur Zeit keine Nachtdialyse anbieten. Wir halten Sie auf dem Laufenden, wenn wieder ein Angebot m\u00f6glich ist.<\/p>\n","protected":false},"excerpt":{"rendered":"<p>Dialysebehandlungen in der Nacht sind vertr\u00e4glicher und effektiver. Die lange Dialysezeit \u00fcber 7-8 Stunden erm\u00f6glicht eine intensive Entgiftung des K\u00f6rpers und einen schonenden Wasserentzug. Das gute Ergebnis bewirkt nicht nur eine Steigerung Ihrer k\u00f6rperlichen Leistungsf\u00e4higkeit. Wir erkennen ebenfalls eine Besserung&hellip; <\/p>\n","protected":false},"author":1,"featured_media":1630,"parent":286,"menu_order":3,"comment_status":"closed","ping_status":"closed","template":"","meta":{"footnotes":""},"class_list":["post-316","page","type-page","status-publish","has-post-thumbnail","hentry"],"_links":{"self":[{"href":"https:\/\/www.gim-witten.de\/wordpress\/wp-json\/wp\/v2\/pages\/316","targetHints":{"allow":["GET"]}}],"collection":[{"href":"https:\/\/www.gim-witten.de\/wordpress\/wp-json\/wp\/v2\/pages"}],"about":[{"href":"https:\/\/www.gim-witten.de\/wordpress\/wp-json\/wp\/v2\/types\/page"}],"author":[{"embeddable":true,"href":"https:\/\/www.gim-witten.de\/wordpress\/wp-json\/wp\/v2\/users\/1"}],"replies":[{"embeddable":true,"href":"https:\/\/www.gim-witten.de\/wordpress\/wp-json\/wp\/v2\/comments?post=316"}],"version-history":[{"count":25,"href":"https:\/\/www.gim-witten.de\/wordpress\/wp-json\/wp\/v2\/pages\/316\/revisions"}],"predecessor-version":[{"id":3908,"href":"https:\/\/www.gim-witten.de\/wordpress\/wp-json\/wp\/v2\/pages\/316\/revisions\/3908"}],"up":[{"embeddable":true,"href":"https:\/\/www.gim-witten.de\/wordpress\/wp-json\/wp\/v2\/pages\/286"}],"wp:featuredmedia":[{"embeddable":true,"href":"https:\/\/www.gim-witten.de\/wordpress\/wp-json\/wp\/v2\/media\/1630"}],"wp:attachment":[{"href":"https:\/\/www.gim-witten.de\/wordpress\/wp-json\/wp\/v2\/media?parent=316"}],"curies":[{"name":"wp","href":"https:\/\/api.w.org\/{rel}","templated":true}]}}