{"id":324,"date":"2011-02-13T18:14:22","date_gmt":"2011-02-13T17:14:22","guid":{"rendered":"http:\/\/localhost\/wordpress\/"},"modified":"2026-02-27T13:44:06","modified_gmt":"2026-02-27T12:44:06","slug":"partner","status":"publish","type":"page","link":"https:\/\/www.gim-witten.de\/wordpress\/ueberuns\/partner\/","title":{"rendered":"Kooperationspartner"},"content":{"rendered":"<p>&nbsp;<\/p>\n<ul>\n<li><strong>Die niedergelassenen allgemeinmedizinisch und fach\u00e4rztlich t\u00e4tigen Kolleginnen und Kollegen in Witten (Ruhr) und der Region<\/strong><\/li>\n<li><strong>Die inner\u00f6rtlichen Krankenh\u00e4user:<\/strong><br \/>\n<a title=\"Marienhospital Witten\" href=\"http:\/\/www.marienhospital-witten.de\" target=\"_blank\" rel=\"noopener noreferrer\">Marien\u2013Hospital Witten<\/a><br \/>\n<a title=\"Ev. Krankenhaus Witten\" href=\"http:\/\/www.evk-witten.de\/ev_krankenhaus_witten\/medizin\/klinik_fuer_haematologie_und_onkologie\" target=\"_blank\" rel=\"noopener noreferrer\">Evangelisches Krankenhaus Witten<\/a><br \/>\n<a title=\"Gemeinschaftskrankenhaus Herdecke\" href=\"https:\/\/www.gemeinschaftskrankenhaus.de\/\" target=\"_blank\" rel=\"noopener noreferrer\">Gemeinschaftskrankenhaus Herdecke<\/a><\/li>\n<li><strong>Fachabteilungen \u00fcberregional t\u00e4tiger Kliniken im Ruhrgebiet<\/strong><br \/>\n<a title=\"Knappschaftskrankenhaus Bochum Langendreer\" href=\"http:\/\/www.kk-bochum.de\" target=\"_blank\" rel=\"noopener noreferrer\">Transplantationszentrum der Chirurgischen Universit\u00e4tsklinik Knappschaftskrankenhaus Bochum-Langendreer<br \/>\nKlinik f\u00fcr Onkologie und H\u00e4matologie des<\/a><a title=\"Knappschaftskrankenhaus Bochum Langendreer\" href=\"http:\/\/www.kk-bochum.de\" target=\"_blank\" rel=\"noopener noreferrer\"> Knappschaftskrankenhaus Bochum-Langendreer<\/a><br \/>\n<a title=\"Uniklinik Essen\" href=\"http:\/\/www.uk-essen.de\" target=\"_blank\" rel=\"noopener noreferrer\">Transplantationszentrum der Universit\u00e4tsklinik Essen<\/a><br \/>\n<a title=\"Klinik f\u00fcr Onkologie Kliniken Essen-Mitte Huyssen-Stift Essen\" href=\"http:\/\/www.kliniken-essen-mitte.de\/leistung\/fachabteilungen\/internistische-onkologie-haematologie\/home.html\" target=\"_blank\" rel=\"noopener noreferrer\">Klinik f\u00fcr Onkologie Kliniken Essen-Mitte Huyssen-Stift Essen<br \/>\n<\/a><a title=\"Klinik f\u00fcr Nephrologie Augusta Klinik Bochum\" href=\"http:\/\/www.augusta-bochum.de\/aka\/aka_nephrologie.html\" target=\"_blank\" rel=\"noopener noreferrer\">Klinik f\u00fcr Nephrologie der Augusta Krankenanstalten Bochum<br \/>\n<\/a><a title=\"Nephrologische Klinik Marienhospital Herne\" href=\"http:\/\/www.marienhospital-herne.de\/leistungen-innere-medizin-marienhospital-herne.html\" target=\"_blank\" rel=\"noopener noreferrer\">Nephrologische Klinik Marienhospital Herne<\/a><\/li>\n<li><strong>Weitere inner\u00f6rtliche Initiativen niedergelassener \u00c4rzte:<\/strong><br \/>\n<a title=\"\u00c4QW\" href=\"http:\/\/www.aeqw.de\/\" target=\"_blank\" rel=\"noopener noreferrer\">\u00c4QW &#8211; \u00c4rztliche Qualit\u00e4tsgemeinschaft Witten<\/a><br \/>\nGemeinsames Onkologisches Zentrum Wittener \u00c4rzte<br \/>\n<a href=\"http:\/\/palliativnetz-witten.de\/websitebaker\/\" target=\"_blank\" rel=\"noopener noreferrer\">Wittener Palliativnetz<\/a><br \/>\nDiabetes Schulungszentrum Witten e.V.<br \/>\nCareMed medizinische Pflege GmbH und weitere inner\u00f6rtliche Pflegedienste<br \/>\nBehindertensportgemeinschaft Witten e.V.<br \/>\nGZW Gesundheitszentrum Witten<\/li>\n<li>Pflegefachschule des EvK Witten<\/li>\n<\/ul>\n","protected":false},"excerpt":{"rendered":"<p>&nbsp; Die niedergelassenen allgemeinmedizinisch und fach\u00e4rztlich t\u00e4tigen Kolleginnen und Kollegen in Witten (Ruhr) und der Region Die inner\u00f6rtlichen Krankenh\u00e4user: Marien\u2013Hospital Witten Evangelisches Krankenhaus Witten Gemeinschaftskrankenhaus Herdecke Fachabteilungen \u00fcberregional t\u00e4tiger Kliniken im Ruhrgebiet Transplantationszentrum der Chirurgischen Universit\u00e4tsklinik Knappschaftskrankenhaus Bochum-Langendreer Klinik f\u00fcr&hellip; <\/p>\n","protected":false},"author":1,"featured_media":2307,"parent":297,"menu_order":3,"comment_status":"closed","ping_status":"closed","template":"","meta":{"footnotes":""},"class_list":["post-324","page","type-page","status-publish","has-post-thumbnail","hentry"],"_links":{"self":[{"href":"https:\/\/www.gim-witten.de\/wordpress\/wp-json\/wp\/v2\/pages\/324","targetHints":{"allow":["GET"]}}],"collection":[{"href":"https:\/\/www.gim-witten.de\/wordpress\/wp-json\/wp\/v2\/pages"}],"about":[{"href":"https:\/\/www.gim-witten.de\/wordpress\/wp-json\/wp\/v2\/types\/page"}],"author":[{"embeddable":true,"href":"https:\/\/www.gim-witten.de\/wordpress\/wp-json\/wp\/v2\/users\/1"}],"replies":[{"embeddable":true,"href":"https:\/\/www.gim-witten.de\/wordpress\/wp-json\/wp\/v2\/comments?post=324"}],"version-history":[{"count":78,"href":"https:\/\/www.gim-witten.de\/wordpress\/wp-json\/wp\/v2\/pages\/324\/revisions"}],"predecessor-version":[{"id":4343,"href":"https:\/\/www.gim-witten.de\/wordpress\/wp-json\/wp\/v2\/pages\/324\/revisions\/4343"}],"up":[{"embeddable":true,"href":"https:\/\/www.gim-witten.de\/wordpress\/wp-json\/wp\/v2\/pages\/297"}],"wp:featuredmedia":[{"embeddable":true,"href":"https:\/\/www.gim-witten.de\/wordpress\/wp-json\/wp\/v2\/media\/2307"}],"wp:attachment":[{"href":"https:\/\/www.gim-witten.de\/wordpress\/wp-json\/wp\/v2\/media?parent=324"}],"curies":[{"name":"wp","href":"https:\/\/api.w.org\/{rel}","templated":true}]}}