{"id":568,"date":"2012-09-27T16:08:11","date_gmt":"2012-09-27T14:08:11","guid":{"rendered":"http:\/\/localhost\/wordpress\/?page_id=568"},"modified":"2026-03-03T18:13:30","modified_gmt":"2026-03-03T17:13:30","slug":"aerzte","status":"publish","type":"page","link":"https:\/\/www.gim-witten.de\/wordpress\/ueberuns\/aerzte\/","title":{"rendered":"\u00c4rzteteam"},"content":{"rendered":"<div id=\"attachment_4239\" style=\"width: 133px\" class=\"wp-caption alignleft\"><img loading=\"lazy\" decoding=\"async\" aria-describedby=\"caption-attachment-4239\" class=\"wp-image-4239 size-full\" src=\"https:\/\/www.gim-witten.de\/wordpress\/wp-content\/uploads\/851-scaled-e1684327250998.jpg\" alt=\"\" width=\"123\" height=\"170\" \/><p id=\"caption-attachment-4239\" class=\"wp-caption-text\"><strong>Markus Knittel<\/strong><br \/>Facharzt f\u00fcr <br \/>Innere Medizin Nephrologie Lipidologie (DGFF)<\/p><\/div>\n<div id=\"attachment_4244\" style=\"width: 133px\" class=\"wp-caption alignleft\"><img loading=\"lazy\" decoding=\"async\" aria-describedby=\"caption-attachment-4244\" class=\"wp-image-4244 size-full\" src=\"https:\/\/www.gim-witten.de\/wordpress\/wp-content\/uploads\/823-scaled-e1684327901229.jpg\" alt=\"\" width=\"123\" height=\"170\" \/><p id=\"caption-attachment-4244\" class=\"wp-caption-text\"><strong>Dr. Julia Zwiehoff<\/strong> <br \/>Fach\u00e4rztin f\u00fcr Innere Medizin und Kardiologie *angestellte \u00c4rztin<\/p><\/div>\n<div id=\"attachment_4245\" style=\"width: 133px\" class=\"wp-caption alignleft\"><img loading=\"lazy\" decoding=\"async\" aria-describedby=\"caption-attachment-4245\" class=\"wp-image-4245 size-full\" src=\"https:\/\/www.gim-witten.de\/wordpress\/wp-content\/uploads\/799-scaled-e1684327972291.jpg\" alt=\"\" width=\"123\" height=\"170\" \/><p id=\"caption-attachment-4245\" class=\"wp-caption-text\"><strong>PD Dr. Carolin Manthey<\/strong> <br \/>Fach\u00e4rztin f\u00fcr Innere Medizin und Gastroenterologie *angestellte \u00c4rztin<\/p><\/div>\n<div id=\"attachment_4336\" style=\"width: 133px\" class=\"wp-caption alignleft\"><img loading=\"lazy\" decoding=\"async\" aria-describedby=\"caption-attachment-4336\" class=\"wp-image-4336 size-full\" src=\"https:\/\/www.gim-witten.de\/wordpress\/wp-content\/uploads\/blind.jpg\" alt=\"Dr. med. Alexander Ivchenko Facharzt f\u00fcr Innere Medizin und Nephrologie *angestellter Arzt\" width=\"123\" height=\"170\" \/><p id=\"caption-attachment-4336\" class=\"wp-caption-text\"><strong>Dr. med. Alexander Ivchenko<\/strong> Facharzt f\u00fcr Innere Medizin und Kardiologie *angestellter Arzt<\/p><\/div>\n<div id=\"attachment_4336\" style=\"width: 133px\" class=\"wp-caption alignleft\"><img loading=\"lazy\" decoding=\"async\" aria-describedby=\"caption-attachment-4336\" class=\"wp-image-4336 size-full\" src=\"https:\/\/www.gim-witten.de\/wordpress\/wp-content\/uploads\/blind.jpg\" alt=\"Prof Dr. med. Dr. hc. Thomas Philipp Facharzt f\u00fcr Innere Medizin, Universit\u00e4tsprofessor f\u00fcr Nieren- und Hochdruckkrankheiten, Klinische Immunologie und Infektiologie *angestellter Arzt\" width=\"123\" height=\"170\" \/><p id=\"caption-attachment-4336\" class=\"wp-caption-text\"><strong>Prof Dr. med. Dr. hc. Thomas Philipp\u00a0<\/strong><br \/>Facharzt f\u00fcr Innere Medizin, Universit\u00e4tsprofessor f\u00fcr Nieren- und Hochdruckkrankheiten,<br \/>Klinische Immunologie und Infektiologie<br \/>*angestellter Arzt<\/p><\/div>\n<div id=\"attachment_4336\" style=\"width: 133px\" class=\"wp-caption alignleft\"><img loading=\"lazy\" decoding=\"async\" aria-describedby=\"caption-attachment-4336\" class=\"wp-image-4336 size-full\" src=\"https:\/\/www.gim-witten.de\/wordpress\/wp-content\/uploads\/blind.jpg\" alt=\"&lt;strong&gt;Dr. med. Manfred Claus\u00a0&lt;\/strong&gt;&lt;br \/&gt;Facharzt f\u00fcr Innere Medizin und Nephrologie&lt;br \/&gt; *angestellter Arzt\" width=\"123\" height=\"170\" \/><p id=\"caption-attachment-4336\" class=\"wp-caption-text\"><strong>Dr. med. Manfred Claus\u00a0<\/strong><br \/>Facharzt f\u00fcr Innere Medizin und Nephrologie<br \/>*angestellter Arzt<\/p><\/div>\n","protected":false},"excerpt":{"rendered":"","protected":false},"author":1,"featured_media":0,"parent":297,"menu_order":0,"comment_status":"closed","ping_status":"closed","template":"","meta":{"footnotes":""},"class_list":["post-568","page","type-page","status-publish","hentry"],"_links":{"self":[{"href":"https:\/\/www.gim-witten.de\/wordpress\/wp-json\/wp\/v2\/pages\/568","targetHints":{"allow":["GET"]}}],"collection":[{"href":"https:\/\/www.gim-witten.de\/wordpress\/wp-json\/wp\/v2\/pages"}],"about":[{"href":"https:\/\/www.gim-witten.de\/wordpress\/wp-json\/wp\/v2\/types\/page"}],"author":[{"embeddable":true,"href":"https:\/\/www.gim-witten.de\/wordpress\/wp-json\/wp\/v2\/users\/1"}],"replies":[{"embeddable":true,"href":"https:\/\/www.gim-witten.de\/wordpress\/wp-json\/wp\/v2\/comments?post=568"}],"version-history":[{"count":205,"href":"https:\/\/www.gim-witten.de\/wordpress\/wp-json\/wp\/v2\/pages\/568\/revisions"}],"predecessor-version":[{"id":4359,"href":"https:\/\/www.gim-witten.de\/wordpress\/wp-json\/wp\/v2\/pages\/568\/revisions\/4359"}],"up":[{"embeddable":true,"href":"https:\/\/www.gim-witten.de\/wordpress\/wp-json\/wp\/v2\/pages\/297"}],"wp:attachment":[{"href":"https:\/\/www.gim-witten.de\/wordpress\/wp-json\/wp\/v2\/media?parent=568"}],"curies":[{"name":"wp","href":"https:\/\/api.w.org\/{rel}","templated":true}]}}