{"id":586,"date":"2012-09-27T16:13:18","date_gmt":"2012-09-27T14:13:18","guid":{"rendered":"http:\/\/localhost\/wordpress\/?page_id=586"},"modified":"2020-11-20T12:53:35","modified_gmt":"2020-11-20T11:53:35","slug":"stationare-dialyse","status":"publish","type":"page","link":"https:\/\/www.gim-witten.de\/wordpress\/dialyse\/stationare-dialyse\/","title":{"rendered":"Dialyse am Marien Hospital"},"content":{"rendered":"<p>Unsere Dialysestation am Marien Hospital in Witten ist in der 2. Etage im Geb\u00e4ude A des Krankenhauses eingerichtet.<br \/>\nUnsere Dialysezeiten stellen sicher, dass Sie Ihre Dialysebehandlung auch w\u00e4hrend eines station\u00e4ren Krankenhausaufenthaltes regelm\u00e4\u00dfig erhalten.<br \/>\nBelastende Transportwege zu einer ausw\u00e4rtigen Dialyseeinrichtung sind nicht erforderlich.<br \/>\nEine enge Zusammenarbeit mit den einzelnen Abteilungen des Marien Hospitals gew\u00e4hrleistet eine gezielte Abstimmung Ihrer Dialysebehandlung mit den Anforderungen im Krankenhaus.<\/p>\n<h6>Nephrologischer Konsiliarvertrag<\/h6>\n<p>Unsere Gemeinschaftspraxis Innere Medizin\u00a0 unterh\u00e4lt zum Marien Hospital Witten und auch zum Evangelischen Krankenhaus Witten einen nephrologischen Konsiliarvertrag.<br \/>\nBei Nierenerkrankungen werden wir beratend mit hinzugezogen.<\/p>\n","protected":false},"excerpt":{"rendered":"<p>Unsere Dialysestation am Marien Hospital in Witten ist in der 2. Etage im Geb\u00e4ude A des Krankenhauses eingerichtet. Unsere Dialysezeiten stellen sicher, dass Sie Ihre Dialysebehandlung auch w\u00e4hrend eines station\u00e4ren Krankenhausaufenthaltes regelm\u00e4\u00dfig erhalten. Belastende Transportwege zu einer ausw\u00e4rtigen Dialyseeinrichtung sind&hellip; <\/p>\n","protected":false},"author":1,"featured_media":1648,"parent":286,"menu_order":4,"comment_status":"closed","ping_status":"closed","template":"","meta":{"footnotes":""},"class_list":["post-586","page","type-page","status-publish","has-post-thumbnail","hentry"],"_links":{"self":[{"href":"https:\/\/www.gim-witten.de\/wordpress\/wp-json\/wp\/v2\/pages\/586","targetHints":{"allow":["GET"]}}],"collection":[{"href":"https:\/\/www.gim-witten.de\/wordpress\/wp-json\/wp\/v2\/pages"}],"about":[{"href":"https:\/\/www.gim-witten.de\/wordpress\/wp-json\/wp\/v2\/types\/page"}],"author":[{"embeddable":true,"href":"https:\/\/www.gim-witten.de\/wordpress\/wp-json\/wp\/v2\/users\/1"}],"replies":[{"embeddable":true,"href":"https:\/\/www.gim-witten.de\/wordpress\/wp-json\/wp\/v2\/comments?post=586"}],"version-history":[{"count":19,"href":"https:\/\/www.gim-witten.de\/wordpress\/wp-json\/wp\/v2\/pages\/586\/revisions"}],"predecessor-version":[{"id":3909,"href":"https:\/\/www.gim-witten.de\/wordpress\/wp-json\/wp\/v2\/pages\/586\/revisions\/3909"}],"up":[{"embeddable":true,"href":"https:\/\/www.gim-witten.de\/wordpress\/wp-json\/wp\/v2\/pages\/286"}],"wp:featuredmedia":[{"embeddable":true,"href":"https:\/\/www.gim-witten.de\/wordpress\/wp-json\/wp\/v2\/media\/1648"}],"wp:attachment":[{"href":"https:\/\/www.gim-witten.de\/wordpress\/wp-json\/wp\/v2\/media?parent=586"}],"curies":[{"name":"wp","href":"https:\/\/api.w.org\/{rel}","templated":true}]}}