{"id":604,"date":"2012-09-27T16:18:41","date_gmt":"2012-09-27T14:18:41","guid":{"rendered":"http:\/\/localhost\/wordpress\/?page_id=604"},"modified":"2020-11-12T18:51:01","modified_gmt":"2020-11-12T17:51:01","slug":"innere-medizin","status":"publish","type":"page","link":"https:\/\/www.gim-witten.de\/wordpress\/innere-medizin\/","title":{"rendered":"PRAXIS"},"content":{"rendered":"<p>Die Fachinternistische Praxis ist das Zentrum unserer gemeinsamen Arbeit.<br \/>\nHier ist der Anlaufpunkt f\u00fcr neue Patienten, hier erfolgt die Diagnostik Ihrer Erkrankung mit allen damit verbundenen Untersuchungen.<br \/>\nHier erfolgen die Kontrolluntersuchungen w\u00e4hrend der Therapie.<br \/>\nDer pers\u00f6nliche Arzt-Patientenkontakt ist uns sehr wichtig. Ein ausf\u00fchrliches Gespr\u00e4ch und eine umfassende Anamnese mit gr\u00fcndlicher k\u00f6rperlicher Untersuchung bilden die Grundlage unserer Behandlung.<\/p>\n<p><strong>Wir bieten folgende diagnostische Verfahren:<\/strong><\/p>\n<ul>\n<li>Magen- und Darmspiegelungen<\/li>\n<li>Polypabtragungen<\/li>\n<li>Vorsorge-Darmspiegelung zur Krebsfr\u00fcherkennung<\/li>\n<li>Ultraschalluntersuchungen des Bauchraumes einschl. Nierengef\u00e4\u00dfe<\/li>\n<li>Ruhe-EKG und Belastungs-EKG<\/li>\n<li>Echokardiographie<\/li>\n<li>24-Stunden-Blutdruckmessung<\/li>\n<li>24-Stunden-EKG<\/li>\n<li>Praxislabor mit Sofortmessungen<\/li>\n<li>Punktionen zur Entlastung und Histologie<\/li>\n<\/ul>\n<p><strong>Bitte bringen Sie zu Ihrem Termin folgende Unterlagen mit:<\/strong><\/p>\n<ul>\n<li>\u00dcberweisung Ihres Arztes<\/li>\n<li>Ihre Medikamentenliste<\/li>\n<li>Unterlagen vorangegangener Untersuchungen<\/li>\n<li>Eine Liste der Fragen, die Sie uns stellen m\u00f6chten<\/li>\n<li><a href=\"https:\/\/www.gim-witten.de\/wordpress\/wp-content\/uploads\/Angaben_zur_Krankengeschichte.pdf\">Formular zur Krankengeschichte (pdf zum herunterladen)<\/a><\/li>\n<\/ul>\n","protected":false},"excerpt":{"rendered":"<p>Die Fachinternistische Praxis ist das Zentrum unserer gemeinsamen Arbeit. Hier ist der Anlaufpunkt f\u00fcr neue Patienten, hier erfolgt die Diagnostik Ihrer Erkrankung mit allen damit verbundenen Untersuchungen. Hier erfolgen die Kontrolluntersuchungen w\u00e4hrend der Therapie. Der pers\u00f6nliche Arzt-Patientenkontakt ist uns sehr&hellip; <\/p>\n","protected":false},"author":1,"featured_media":3276,"parent":0,"menu_order":39,"comment_status":"closed","ping_status":"closed","template":"","meta":{"footnotes":""},"class_list":["post-604","page","type-page","status-publish","has-post-thumbnail","hentry"],"_links":{"self":[{"href":"https:\/\/www.gim-witten.de\/wordpress\/wp-json\/wp\/v2\/pages\/604","targetHints":{"allow":["GET"]}}],"collection":[{"href":"https:\/\/www.gim-witten.de\/wordpress\/wp-json\/wp\/v2\/pages"}],"about":[{"href":"https:\/\/www.gim-witten.de\/wordpress\/wp-json\/wp\/v2\/types\/page"}],"author":[{"embeddable":true,"href":"https:\/\/www.gim-witten.de\/wordpress\/wp-json\/wp\/v2\/users\/1"}],"replies":[{"embeddable":true,"href":"https:\/\/www.gim-witten.de\/wordpress\/wp-json\/wp\/v2\/comments?post=604"}],"version-history":[{"count":35,"href":"https:\/\/www.gim-witten.de\/wordpress\/wp-json\/wp\/v2\/pages\/604\/revisions"}],"predecessor-version":[{"id":3901,"href":"https:\/\/www.gim-witten.de\/wordpress\/wp-json\/wp\/v2\/pages\/604\/revisions\/3901"}],"wp:featuredmedia":[{"embeddable":true,"href":"https:\/\/www.gim-witten.de\/wordpress\/wp-json\/wp\/v2\/media\/3276"}],"wp:attachment":[{"href":"https:\/\/www.gim-witten.de\/wordpress\/wp-json\/wp\/v2\/media?parent=604"}],"curies":[{"name":"wp","href":"https:\/\/api.w.org\/{rel}","templated":true}]}}