{"id":614,"date":"2012-09-27T16:23:22","date_gmt":"2012-09-27T14:23:22","guid":{"rendered":"http:\/\/localhost\/wordpress\/?page_id=614"},"modified":"2026-03-03T19:52:51","modified_gmt":"2026-03-03T18:52:51","slug":"sprechstunden","status":"publish","type":"page","link":"https:\/\/www.gim-witten.de\/wordpress\/service\/sprechstunden\/","title":{"rendered":"Sprechstunden"},"content":{"rendered":"<p>Wir behandeln Patientinnen und Patienten aller Kassen auf \u00dcberweisungsschein vom Haus- und\/oder Facharzt und Privatpatienten.<\/p>\n<h6>Terminvergabe<\/h6>\n<p>Sollten Sie als Neupatient in unsere Praxis kommen, haben Sie die M\u00f6glichkeit im Vorfeld Ihren Arztbesuch mit Hilfe eines Fragebogens zu Ihrer Krankengeschichte, Ihrer Medikation, etc. vorzubereiten. Die Dauer spezieller Untersuchungs- oder Besprechungstemine teilen Ihnen unsere Mitarbeiterinen bei der jeweiligen Terminvereinbarung gerne mit. F\u00fcr den Fall akuter Beschwerden oder Erkrankungen haben wir f\u00fcr Patientinnen und Patienten, die sich in unserer Behandlung befinden, t\u00e4glich kurze Sprechzeiten ohne vorherige Vereinbarung in der Akutsprechstunde am fr\u00fchen Morgen und am Mittag eingerichtet.<\/p>\n<p><a style=\"display: block; text-align: center; background-color: #0596de; color: #ffffff; font-size: 14px; overflow: hidden; width: 257px; height: 40px; border-bottom-right-radius: none; border-bottom-left-radius: none; bottom: 0; right: 5px; z-index: 1000; border-top-left-radius: 4px; border-top-right-radius: 4px; line-height: 40px;\" href=\"https:\/\/www.doctolib.de\/praxis\/witten\/gim-gemeinschaftspraxis-innere-medizin?utm_campaign=website-button&amp;utm_source=gim-gemeinschaftspraxis-innere-medizin-website-button&amp;utm_medium=referral&amp;utm_content=custom&amp;utm_term=gim-gemeinschaftspraxis-innere-medizin\" target=\"_blank\" rel=\"noopener noreferrer\" data-reactroot=\"\"><span style=\"font-size: 14px;\">Termin online buchen<\/span><img decoding=\"async\" style=\"height: 15px; margin-bottom: 3px; vertical-align: middle; width: auto;\" src=\"https:\/\/www.doctolib.de\/external_button\/doctolib-white-transparent.png\" alt=\"Doctolib\" \/><\/a><\/p>\n<h6>Sprechstundenzeiten<\/h6>\n<ul>\n<li><strong>Montag bis Donnerstag<\/strong><br \/>\n(mit Voranmeldung) 7.30 Uhr bis 17.00 Uhr<\/li>\n<li><strong>Freitag<\/strong><br \/>\n(mit Voranmeldung) 7.30 Uhr bis 14:00 Uhr<\/li>\n<\/ul>\n<h6>Behandlungszeiten im Dialysezentrum<\/h6>\n<ul>\n<li><strong>Dialysezeiten<\/strong><br \/>\nMontag bis Samstag 7.00 Uhr bis 19.00 Uhr<\/li>\n<\/ul>\n<h6>Dialyse am Marien Hospital Witten<\/h6>\n<ul>\n<li><strong>Dialyse und LDL-Apherese<\/strong><br \/>\nMontag bis Freitag 7.00 Uhr bis 14.00 Uhr<br \/>\nund nach Vereinbarung<\/li>\n<\/ul>\n<p>&nbsp;<\/p>\n","protected":false},"excerpt":{"rendered":"<p>Wir behandeln Patientinnen und Patienten aller Kassen auf \u00dcberweisungsschein vom Haus- und\/oder Facharzt und Privatpatienten. Terminvergabe Sollten Sie als Neupatient in unsere Praxis kommen, haben Sie die M\u00f6glichkeit im Vorfeld Ihren Arztbesuch mit Hilfe eines Fragebogens zu Ihrer Krankengeschichte, Ihrer&hellip; <\/p>\n","protected":false},"author":1,"featured_media":1640,"parent":327,"menu_order":1,"comment_status":"closed","ping_status":"closed","template":"","meta":{"footnotes":""},"class_list":["post-614","page","type-page","status-publish","has-post-thumbnail","hentry"],"_links":{"self":[{"href":"https:\/\/www.gim-witten.de\/wordpress\/wp-json\/wp\/v2\/pages\/614","targetHints":{"allow":["GET"]}}],"collection":[{"href":"https:\/\/www.gim-witten.de\/wordpress\/wp-json\/wp\/v2\/pages"}],"about":[{"href":"https:\/\/www.gim-witten.de\/wordpress\/wp-json\/wp\/v2\/types\/page"}],"author":[{"embeddable":true,"href":"https:\/\/www.gim-witten.de\/wordpress\/wp-json\/wp\/v2\/users\/1"}],"replies":[{"embeddable":true,"href":"https:\/\/www.gim-witten.de\/wordpress\/wp-json\/wp\/v2\/comments?post=614"}],"version-history":[{"count":38,"href":"https:\/\/www.gim-witten.de\/wordpress\/wp-json\/wp\/v2\/pages\/614\/revisions"}],"predecessor-version":[{"id":4388,"href":"https:\/\/www.gim-witten.de\/wordpress\/wp-json\/wp\/v2\/pages\/614\/revisions\/4388"}],"up":[{"embeddable":true,"href":"https:\/\/www.gim-witten.de\/wordpress\/wp-json\/wp\/v2\/pages\/327"}],"wp:featuredmedia":[{"embeddable":true,"href":"https:\/\/www.gim-witten.de\/wordpress\/wp-json\/wp\/v2\/media\/1640"}],"wp:attachment":[{"href":"https:\/\/www.gim-witten.de\/wordpress\/wp-json\/wp\/v2\/media?parent=614"}],"curies":[{"name":"wp","href":"https:\/\/api.w.org\/{rel}","templated":true}]}}