{"id":616,"date":"2012-09-27T16:23:45","date_gmt":"2012-09-27T14:23:45","guid":{"rendered":"http:\/\/localhost\/wordpress\/?page_id=616"},"modified":"2020-11-20T12:57:37","modified_gmt":"2020-11-20T11:57:37","slug":"termine","status":"publish","type":"page","link":"https:\/\/www.gim-witten.de\/wordpress\/service\/termine\/","title":{"rendered":"Termine"},"content":{"rendered":"<h6>Wiederkehrende Termine f\u00fcr \u00c4rzte<\/h6>\n<ul>\n<li>W\u00f6chentlich donnerstags 14.00 bis 15.00 Uhr <strong>Tumorkonferenz <\/strong>des Gemeinsamen Onkologischen Zentrums Wittener \u00c4rzte im Evangelischen Krankenhaus Witten (Expertengespr\u00e4ch zur Festlegung des Therapiekonzeptes bei Patientinnen\/Patienten mit einer Tumorerkrankung)<\/li>\n<li>W\u00f6chentlich mittwochs 14.00 bis 15.00 Uhr <strong>Tumorkonferenz<\/strong> im Marien Hospital Witten<\/li>\n<\/ul>\n<ul>\n<li>6x im Jahr findet der <strong>Onkologische Arbeitskreis<\/strong> (Fortbildungsveranstaltung f\u00fcr Niedergelassene und Klinik\u00e4rzte der Region) um 20.00 Uhr im Restaurant Isola Bella statt.<\/li>\n<\/ul>\n<ul>\n<li><strong>Gef\u00e4\u00dfchirurgisches-nephrologisches Kolloquium<\/strong> w\u00f6chentlich, jeden Dienstagmorgen von 7.45 bis 8.15 Uhr in der Klinik f\u00fcr Gef\u00e4\u00dfchirurgie, Marien Hospital Witten.<\/li>\n<\/ul>\n<h6>Wiederkehrende Termine f\u00fcr Patientinnen und Patienten<\/h6>\n<ul>\n<li><strong>Onko-Cafe<\/strong>: Der Treffpunkt f\u00fcr Geselligkeit und Gespr\u00e4che in netter Runde. Wir laden Patienten und Angeh\u00f6rige herzlich ein an unseren Treffen teilzunehmen. Termine erfragen Sie bitte bei:<br \/>\nIlona Heuser, GIM Witten Onkologie, Pferdebachstr. 29, 58455 Witten, Tel.: 02302 9 14 18 25<\/li>\n<li><strong>Schminkkurs<\/strong>: 4-mal j\u00e4hrlich f\u00fcr Tumorpatientinnen. Teilnahme nach Anmeldung \u00fcber die Onkologie (begrenzte Teilnehmerzahl)<\/li>\n<li><strong>Ern\u00e4hrungsberatung<\/strong>: nach Vereinbarung f\u00fcr Dialysepatienten im Dialysezentrum (GIM)<\/li>\n<li><strong>Selbsthilfegruppe<\/strong>: Termine nach Absprache in der Onkologie (GIM)<\/li>\n<li><b>Nephro-Cafe: <\/b>4x im Jahr (M\u00e4rz, Juni, September, Dezember), nach Aushang und Einladung im Dialysezentrum (GIM)<\/li>\n<\/ul>\n","protected":false},"excerpt":{"rendered":"<p>Wiederkehrende Termine f\u00fcr \u00c4rzte W\u00f6chentlich donnerstags 14.00 bis 15.00 Uhr Tumorkonferenz des Gemeinsamen Onkologischen Zentrums Wittener \u00c4rzte im Evangelischen Krankenhaus Witten (Expertengespr\u00e4ch zur Festlegung des Therapiekonzeptes bei Patientinnen\/Patienten mit einer Tumorerkrankung) W\u00f6chentlich mittwochs 14.00 bis 15.00 Uhr Tumorkonferenz im Marien&hellip; <\/p>\n","protected":false},"author":1,"featured_media":3247,"parent":327,"menu_order":2,"comment_status":"closed","ping_status":"closed","template":"","meta":{"footnotes":""},"class_list":["post-616","page","type-page","status-publish","has-post-thumbnail","hentry"],"_links":{"self":[{"href":"https:\/\/www.gim-witten.de\/wordpress\/wp-json\/wp\/v2\/pages\/616","targetHints":{"allow":["GET"]}}],"collection":[{"href":"https:\/\/www.gim-witten.de\/wordpress\/wp-json\/wp\/v2\/pages"}],"about":[{"href":"https:\/\/www.gim-witten.de\/wordpress\/wp-json\/wp\/v2\/types\/page"}],"author":[{"embeddable":true,"href":"https:\/\/www.gim-witten.de\/wordpress\/wp-json\/wp\/v2\/users\/1"}],"replies":[{"embeddable":true,"href":"https:\/\/www.gim-witten.de\/wordpress\/wp-json\/wp\/v2\/comments?post=616"}],"version-history":[{"count":32,"href":"https:\/\/www.gim-witten.de\/wordpress\/wp-json\/wp\/v2\/pages\/616\/revisions"}],"predecessor-version":[{"id":3910,"href":"https:\/\/www.gim-witten.de\/wordpress\/wp-json\/wp\/v2\/pages\/616\/revisions\/3910"}],"up":[{"embeddable":true,"href":"https:\/\/www.gim-witten.de\/wordpress\/wp-json\/wp\/v2\/pages\/327"}],"wp:featuredmedia":[{"embeddable":true,"href":"https:\/\/www.gim-witten.de\/wordpress\/wp-json\/wp\/v2\/media\/3247"}],"wp:attachment":[{"href":"https:\/\/www.gim-witten.de\/wordpress\/wp-json\/wp\/v2\/media?parent=616"}],"curies":[{"name":"wp","href":"https:\/\/api.w.org\/{rel}","templated":true}]}}