{"id":622,"date":"2012-09-27T16:25:16","date_gmt":"2012-09-27T14:25:16","guid":{"rendered":"http:\/\/localhost\/wordpress\/?page_id=622"},"modified":"2026-03-03T19:58:46","modified_gmt":"2026-03-03T18:58:46","slug":"stellen","status":"publish","type":"page","link":"https:\/\/www.gim-witten.de\/wordpress\/service\/stellen\/","title":{"rendered":"Stellen"},"content":{"rendered":"<p>Die Gemeinschaftspraxis Innere Medizin (GIM) ist eine Schwerpunktpraxis f\u00fcr Nephrologie und Onkologie mit angeschlossenem Dialyse- und Apheresezentrum sowie einer Onkologischen Tagesstation. Unsere weiteren Schwerpunkte sind die gastroenterologische Endoskopie und Kardiologie.<br \/>\nMit unserem f\u00fcnfk\u00f6pfigen \u00c4rzteteam und mehr als 60 Mitarbeitern bieten wir unseren Patienten ein umfangreiches diagnostisches und therapeutisches Leistungsspektrum.<br \/>\nAusf\u00fchrliche Einzelheiten entnehmen Sie bitte unserer Internetseite: www.gim-witten.de<\/p>\n<hr \/>\n<p><strong>Unsere aktuell offenen Stellen (bitte anklicken):<\/strong><\/p>\n<p>&nbsp;<\/p>\n<hr \/>\n<p>&nbsp;<\/p>\n","protected":false},"excerpt":{"rendered":"<p>Die Gemeinschaftspraxis Innere Medizin (GIM) ist eine Schwerpunktpraxis f\u00fcr Nephrologie und Onkologie mit angeschlossenem Dialyse- und Apheresezentrum sowie einer Onkologischen Tagesstation. Unsere weiteren Schwerpunkte sind die gastroenterologische Endoskopie und Kardiologie. Mit unserem f\u00fcnfk\u00f6pfigen \u00c4rzteteam und mehr als 60 Mitarbeitern bieten&hellip; <\/p>\n","protected":false},"author":1,"featured_media":2551,"parent":327,"menu_order":5,"comment_status":"closed","ping_status":"closed","template":"","meta":{"footnotes":""},"class_list":["post-622","page","type-page","status-publish","has-post-thumbnail","hentry"],"_links":{"self":[{"href":"https:\/\/www.gim-witten.de\/wordpress\/wp-json\/wp\/v2\/pages\/622","targetHints":{"allow":["GET"]}}],"collection":[{"href":"https:\/\/www.gim-witten.de\/wordpress\/wp-json\/wp\/v2\/pages"}],"about":[{"href":"https:\/\/www.gim-witten.de\/wordpress\/wp-json\/wp\/v2\/types\/page"}],"author":[{"embeddable":true,"href":"https:\/\/www.gim-witten.de\/wordpress\/wp-json\/wp\/v2\/users\/1"}],"replies":[{"embeddable":true,"href":"https:\/\/www.gim-witten.de\/wordpress\/wp-json\/wp\/v2\/comments?post=622"}],"version-history":[{"count":374,"href":"https:\/\/www.gim-witten.de\/wordpress\/wp-json\/wp\/v2\/pages\/622\/revisions"}],"predecessor-version":[{"id":4393,"href":"https:\/\/www.gim-witten.de\/wordpress\/wp-json\/wp\/v2\/pages\/622\/revisions\/4393"}],"up":[{"embeddable":true,"href":"https:\/\/www.gim-witten.de\/wordpress\/wp-json\/wp\/v2\/pages\/327"}],"wp:featuredmedia":[{"embeddable":true,"href":"https:\/\/www.gim-witten.de\/wordpress\/wp-json\/wp\/v2\/media\/2551"}],"wp:attachment":[{"href":"https:\/\/www.gim-witten.de\/wordpress\/wp-json\/wp\/v2\/media?parent=622"}],"curies":[{"name":"wp","href":"https:\/\/api.w.org\/{rel}","templated":true}]}}